{"id":127623,"date":"2022-11-22T16:50:29","date_gmt":"2022-11-22T19:50:29","guid":{"rendered":"https:\/\/support.pmgacademy.com\/entre-em-contato-conosco\/"},"modified":"2022-11-22T16:50:29","modified_gmt":"2022-11-22T19:50:29","slug":"entre-em-contato-conosco","status":"publish","type":"page","link":"https:\/\/support.pmgacademy.com\/pt\/entre-em-contato-conosco\/","title":{"rendered":"Entre em Contato"},"content":{"rendered":"\n<h2 class=\"wp-block-heading\">\u26a0\ufe0f <strong>Aten\u00e7\u00e3o!<\/strong> <\/h2>\n\n\n\n<p>Para ganhar tempo, pesquise primeiro sua resposta na sua base de conhecimento, pois sabemos que 98% das respostas podem ser encontradas l\u00e1! \ud83e\udd13 <a href=\"https:\/\/support.pmgacademy.com\/pt\/\">Clique aqui<\/a><\/p>\n\n\n\n<p>Se preferir, voc\u00ea pode nos enviar um e-mail para <a href=\"contato@pmgacademy.com\" data-type=\"link\" data-id=\"contato@pmgacademy.com\"><u><strong>contato@pmgacademy.com<\/strong><\/u> <\/a><\/p>\n\n\n\n<p>Nosso hor\u00e1rio de atendimento \u00e9 de <strong>Segunda \u00e0 Sexta, das 09:00 \u00e0s 19:00<\/strong><\/p>\n\n\n<div class=\"wpforms-container wpforms-block wpforms-block-6c84c0f2-e77a-440d-8188-3f244bd3328e\" id=\"wpforms-12\"><form id=\"wpforms-form-12\" class=\"wpforms-validate wpforms-form\" data-formid=\"12\" method=\"post\" enctype=\"multipart\/form-data\" action=\"\/pt\/wp-json\/wp\/v2\/pages\/127623\" data-token=\"fbca7cf7ce859f2530c3a77049ca1645\" data-token-time=\"1775988384\"><noscript class=\"wpforms-error-noscript\">Ative o JavaScript no seu navegador para preencher este formul\u00e1rio.<\/noscript><div class=\"wpforms-field-container\"><div id=\"wpforms-12-field_0-container\" class=\"wpforms-field wpforms-field-name\" data-field-id=\"0\"><label class=\"wpforms-field-label wpforms-label-hide\" for=\"wpforms-12-field_0\">Nome <span class=\"wpforms-required-label\">*<\/span><\/label><div class=\"wpforms-field-row wpforms-field-large\"><div class=\"wpforms-field-row-block wpforms-first wpforms-one-half\"><input type=\"text\" id=\"wpforms-12-field_0\" class=\"wpforms-field-name-first wpforms-field-required\" name=\"wpforms[fields][0][first]\" placeholder=\"Primeiro Nome\" required><label for=\"wpforms-12-field_0\" class=\"wpforms-field-sublabel after wpforms-sublabel-hide\">Nome<\/label><\/div><div class=\"wpforms-field-row-block wpforms-one-half\"><input type=\"text\" id=\"wpforms-12-field_0-last\" class=\"wpforms-field-name-last wpforms-field-required\" name=\"wpforms[fields][0][last]\" placeholder=\"Sobrenome\" required><label for=\"wpforms-12-field_0-last\" class=\"wpforms-field-sublabel after wpforms-sublabel-hide\">Sobrenome<\/label><\/div><\/div><\/div><div id=\"wpforms-12-field_4-container\" class=\"wpforms-field wpforms-field-email\" data-field-id=\"4\"><label class=\"wpforms-field-label wpforms-label-hide\" for=\"wpforms-12-field_4\">E-mail <span class=\"wpforms-required-label\">*<\/span><\/label><input type=\"email\" id=\"wpforms-12-field_4\" class=\"wpforms-field-large wpforms-field-required\" name=\"wpforms[fields][4]\" placeholder=\"E-mail\" spellcheck=\"false\" required><\/div><div id=\"wpforms-12-field_2-container\" class=\"wpforms-field wpforms-field-textarea\" data-field-id=\"2\"><label class=\"wpforms-field-label\" for=\"wpforms-12-field_2\">Mensagem <span class=\"wpforms-required-label\">*<\/span><\/label><textarea id=\"wpforms-12-field_2\" class=\"wpforms-field-large wpforms-field-required\" name=\"wpforms[fields][2]\" required><\/textarea><\/div><\/div><!-- .wpforms-field-container --><div class=\"wpforms-field wpforms-field-hp\"><label for=\"wpforms-12-field-hp\" class=\"wpforms-field-label\">Comment<\/label><input type=\"text\" name=\"wpforms[hp]\" id=\"wpforms-12-field-hp\" class=\"wpforms-field-medium\"><\/div><div class=\"wpforms-submit-container\" ><input type=\"hidden\" name=\"wpforms[id]\" value=\"12\"><input type=\"hidden\" name=\"page_title\" value=\"\"><input type=\"hidden\" name=\"page_url\" value=\"https:\/\/support.pmgacademy.com\/pt\/wp-json\/wp\/v2\/pages\/127623\"><input type=\"hidden\" name=\"url_referer\" value=\"\"><button type=\"submit\" name=\"wpforms[submit]\" id=\"wpforms-submit-12\" class=\"wpforms-submit\" data-alt-text=\"Enviando...\" data-submit-text=\"Enviar\" aria-live=\"assertive\" value=\"wpforms-submit\">Enviar<\/button><\/div><\/form><\/div>  <!-- .wpforms-container -->","protected":false},"excerpt":{"rendered":"<p>\u26a0\ufe0f Aten\u00e7\u00e3o! Para ganhar tempo, pesquise primeiro sua resposta na sua base de conhecimento, pois sabemos que 98% das respostas podem ser encontradas l\u00e1! \ud83e\udd13 Clique aqui Se preferir, voc\u00ea pode nos enviar um e-mail para contato@pmgacademy.com Nosso hor\u00e1rio de atendimento \u00e9 de Segunda \u00e0 Sexta, das 09:00 \u00e0s 19:00<\/p>\n","protected":false},"author":1,"featured_media":0,"parent":0,"menu_order":0,"comment_status":"closed","ping_status":"closed","template":"","meta":{"site-sidebar-layout":"default","site-content-layout":"","ast-site-content-layout":"default","site-content-style":"default","site-sidebar-style":"default","ast-global-header-display":"","ast-banner-title-visibility":"","ast-main-header-display":"","ast-hfb-above-header-display":"","ast-hfb-below-header-display":"","ast-hfb-mobile-header-display":"","site-post-title":"disabled","ast-breadcrumbs-content":"","ast-featured-img":"","footer-sml-layout":"","ast-disable-related-posts":"","theme-transparent-header-meta":"","adv-header-id-meta":"","stick-header-meta":"","header-above-stick-meta":"","header-main-stick-meta":"","header-below-stick-meta":"","astra-migrate-meta-layouts":"set","ast-page-background-enabled":"default","ast-page-background-meta":{"desktop":{"background-color":"","background-image":"","background-repeat":"repeat","background-position":"center center","background-size":"auto","background-attachment":"scroll","background-type":"","background-media":"","overlay-type":"","overlay-color":"","overlay-opacity":"","overlay-gradient":""},"tablet":{"background-color":"","background-image":"","background-repeat":"repeat","background-position":"center center","background-size":"auto","background-attachment":"scroll","background-type":"","background-media":"","overlay-type":"","overlay-color":"","overlay-opacity":"","overlay-gradient":""},"mobile":{"background-color":"","background-image":"","background-repeat":"repeat","background-position":"center center","background-size":"auto","background-attachment":"scroll","background-type":"","background-media":"","overlay-type":"","overlay-color":"","overlay-opacity":"","overlay-gradient":""}},"ast-content-background-meta":{"desktop":{"background-color":"var(--ast-global-color-5)","background-image":"","background-repeat":"repeat","background-position":"center center","background-size":"auto","background-attachment":"scroll","background-type":"","background-media":"","overlay-type":"","overlay-color":"","overlay-opacity":"","overlay-gradient":""},"tablet":{"background-color":"var(--ast-global-color-5)","background-image":"","background-repeat":"repeat","background-position":"center center","background-size":"auto","background-attachment":"scroll","background-type":"","background-media":"","overlay-type":"","overlay-color":"","overlay-opacity":"","overlay-gradient":""},"mobile":{"background-color":"var(--ast-global-color-5)","background-image":"","background-repeat":"repeat","background-position":"center center","background-size":"auto","background-attachment":"scroll","background-type":"","background-media":"","overlay-type":"","overlay-color":"","overlay-opacity":"","overlay-gradient":""}},"footnotes":""},"class_list":["post-127623","page","type-page","status-publish","hentry"],"_links":{"self":[{"href":"https:\/\/support.pmgacademy.com\/pt\/wp-json\/wp\/v2\/pages\/127623","targetHints":{"allow":["GET"]}}],"collection":[{"href":"https:\/\/support.pmgacademy.com\/pt\/wp-json\/wp\/v2\/pages"}],"about":[{"href":"https:\/\/support.pmgacademy.com\/pt\/wp-json\/wp\/v2\/types\/page"}],"author":[{"embeddable":true,"href":"https:\/\/support.pmgacademy.com\/pt\/wp-json\/wp\/v2\/users\/1"}],"replies":[{"embeddable":true,"href":"https:\/\/support.pmgacademy.com\/pt\/wp-json\/wp\/v2\/comments?post=127623"}],"version-history":[{"count":0,"href":"https:\/\/support.pmgacademy.com\/pt\/wp-json\/wp\/v2\/pages\/127623\/revisions"}],"wp:attachment":[{"href":"https:\/\/support.pmgacademy.com\/pt\/wp-json\/wp\/v2\/media?parent=127623"}],"curies":[{"name":"wp","href":"https:\/\/api.w.org\/{rel}","templated":true}]}}